{"id":28,"date":"2021-04-25T08:45:20","date_gmt":"2021-04-25T08:45:20","guid":{"rendered":"https:\/\/sansetrolde.dk\/?page_id=28"},"modified":"2024-02-08T08:47:26","modified_gmt":"2024-02-08T08:47:26","slug":"intro","status":"publish","type":"page","link":"https:\/\/sansetrolde.dk\/","title":{"rendered":"Velkommen til Sansetrolde : &#8211; )"},"content":{"rendered":"\n<p>Vi tilbyder hj\u00e6lp med sanseintegrationsproblemer i form af kurser og uddannelse.<\/p>\n\n\n\n<p><strong>Tegn p\u00e5 sanseintegrationsproblemer kan v\u00e6re et eller flere af f\u00f8lgende:<\/strong><\/p>\n\n\n\n<ul class=\"wp-block-list\">\n<li>Hyperaktivitet<\/li>\n\n\n\n<li>Sensitiv<\/li>\n\n\n\n<li>Gemmer sig\/Vil ikke v\u00e6re med<\/li>\n\n\n\n<li>Indl\u00e6ring vanskeligheder<\/li>\n\n\n\n<li>Udadreagerende adf\u00e6rd<\/li>\n<\/ul>\n\n\n\n<p>B\u00e5de b\u00f8rn, voksne og \u00e6ldre vil have stor gavn af, at lave sanse\u00f8velser\u2026<\/p>\n\n\n\n<p><strong>Udtalelser fra kursister:<br><\/strong>Mange tak for den sp\u00e6ndende uddannelse, den \u00e5bnede allerede rigtig mange d\u00f8re for mig, ogs\u00e5 p\u00e5 den arbejdsplads som jeg arbejder nu.<br>Mvh Anna Vindel\u00f8v<\/p>\n\n\n\n<p>Virkelig et godt grundkursus med s\u00e5 meget l\u00e6kkert og brugbar teori og lege. Lige det jeg har manglet i min hverdag som dagplejer, hvor jeg har fokus p\u00e5 det motoriske. Virkelig godt<br>Mvh Christine&nbsp;<\/p>\n\n\n\n<p><em>\u2013 Formodentlig \u00e9n af de bedste investeringer, du kan g\u00f8re i dit liv \u2026.<\/em><\/p>\n","protected":false},"excerpt":{"rendered":"<p>Vi tilbyder hj\u00e6lp med sanseintegrationsproblemer i form af kurser og uddannelse. Tegn p\u00e5 sanseintegrationsproblemer kan v\u00e6re et eller flere af f\u00f8lgende: B\u00e5de b\u00f8rn, voksne og \u00e6ldre vil have stor gavn af, at lave sanse\u00f8velser\u2026 Udtalelser fra kursister:Mange tak for den sp\u00e6ndende uddannelse, den \u00e5bnede allerede rigtig mange d\u00f8re for mig, ogs\u00e5 p\u00e5 den arbejdsplads som [&hellip;]<\/p>\n","protected":false},"author":1,"featured_media":0,"parent":0,"menu_order":0,"comment_status":"closed","ping_status":"closed","template":"","meta":{"footnotes":""},"class_list":["post-28","page","type-page","status-publish","hentry"],"_links":{"self":[{"href":"https:\/\/sansetrolde.dk\/index.php\/wp-json\/wp\/v2\/pages\/28","targetHints":{"allow":["GET"]}}],"collection":[{"href":"https:\/\/sansetrolde.dk\/index.php\/wp-json\/wp\/v2\/pages"}],"about":[{"href":"https:\/\/sansetrolde.dk\/index.php\/wp-json\/wp\/v2\/types\/page"}],"author":[{"embeddable":true,"href":"https:\/\/sansetrolde.dk\/index.php\/wp-json\/wp\/v2\/users\/1"}],"replies":[{"embeddable":true,"href":"https:\/\/sansetrolde.dk\/index.php\/wp-json\/wp\/v2\/comments?post=28"}],"version-history":[{"count":18,"href":"https:\/\/sansetrolde.dk\/index.php\/wp-json\/wp\/v2\/pages\/28\/revisions"}],"predecessor-version":[{"id":258,"href":"https:\/\/sansetrolde.dk\/index.php\/wp-json\/wp\/v2\/pages\/28\/revisions\/258"}],"wp:attachment":[{"href":"https:\/\/sansetrolde.dk\/index.php\/wp-json\/wp\/v2\/media?parent=28"}],"curies":[{"name":"wp","href":"https:\/\/api.w.org\/{rel}","templated":true}]}}